{"id":1508,"date":"2021-04-01T10:59:01","date_gmt":"2021-04-01T08:59:01","guid":{"rendered":"https:\/\/www.hrc-muenster.de\/wordpress\/?page_id=1508"},"modified":"2023-07-23T12:58:42","modified_gmt":"2023-07-23T10:58:42","slug":"dank-heinkel-eine-freundschaft-fuers-leben","status":"publish","type":"page","link":"https:\/\/www.hrc-muenster.de\/wordpress\/berichte\/dank-heinkel-eine-freundschaft-fuers-leben\/","title":{"rendered":"Dank Heinkel &#8211; eine Freundschaft f\u00fcr&#8217;s Leben"},"content":{"rendered":"<p align=\"left\"><span style=\"font-family: Arial, sans-serif;\"><span style=\"font-size: medium;\">Die Geschichte beginnt an einem sonnigen Sommertag im Jahre 1959 an einer Eisdiele in M\u00fcnster:<br \/>\n<\/span><\/span><span style=\"font-family: Arial, sans-serif;\"><span style=\"font-size: medium;\">Ich stehe mit meinem, von meinem Bruder und mir frisch restaurierten, Heinkel &#8211; Kiki mit einem Eis in der Hand neben meinem Roller, als ein junger Mann mit einem neuen 103 Al vorf\u00e4hrt, um sich ebenfalls bei der sommerlichen Hitze ein Eis zu g\u00f6nnen. Es ist Alfred Geuting.<br \/>\n<\/span><\/span><span style=\"font-family: Arial, sans-serif;\"><span style=\"font-size: medium;\">\u00dcber den Heinkel kommen wir ins Gespr\u00e4ch und vergessen die Zeit. Pl\u00f6tzlich h\u00e4lt ein weiterer Heinkelfahrer vor der Eisdiele und erz\u00e4hlt uns, dass man plane, in M\u00fcnster einen Heinkel-Club zu gr\u00fcnden. Er l\u00e4dt uns zum Mitkommen ein. Wir nehmen das Angebot gerne an und werden spontan die Mitglieder Nr. 3 und Nr. 4.<br \/>\nKontakt zur IHCU* wird aufgenommen und die Mitgliedschaft beantragt.<br \/>\n<\/span><\/span><span style=\"font-family: Arial, sans-serif;\"><span style=\"font-size: medium;\">In den folgenden Jahren nahmen wir beide an vielen IHCU-Treffen teil.<br \/>\n<\/span><\/span><span style=\"font-family: Arial, sans-serif;\"><span style=\"font-size: medium;\">Inzwischen hatte mein j\u00fcngerer Bruder Heinz auch seinen <\/span><\/span><span style=\"font-family: Arial, sans-serif;\"><span style=\"font-size: medium;\">F\u00fchrerschein gemacht, und einen Heinkelroller gekauft. Nun ist das .Dreiergestirn&#8220; aus M\u00fcnster perfekt.<\/span><\/span><span style=\"font-family: Arial, sans-serif;\"><span style=\"font-size: medium;\"><br \/>\n<img loading=\"lazy\" decoding=\"async\" class=\"alignnone  wp-image-1506\" src=\"https:\/\/www.hrc-muenster.de\/wordpress\/wp-content\/uploads\/2021\/04\/2016_Foto_Heinz-NixdorfHermann-NixdorfAlfred-Geuting-300x167.jpg\" alt=\"\" width=\"402\" height=\"224\" srcset=\"https:\/\/www.hrc-muenster.de\/wordpress\/wp-content\/uploads\/2021\/04\/2016_Foto_Heinz-NixdorfHermann-NixdorfAlfred-Geuting-300x167.jpg 300w, https:\/\/www.hrc-muenster.de\/wordpress\/wp-content\/uploads\/2021\/04\/2016_Foto_Heinz-NixdorfHermann-NixdorfAlfred-Geuting.jpg 607w\" sizes=\"auto, (max-width: 402px) 85vw, 402px\" \/><br \/>\n<\/span><\/span><span style=\"font-family: Arial, sans-serif;\"><span style=\"font-size: medium;\">Foto 2016: v.l.: Heinz u. Hermann Nixdorf Alfred Geuting<\/span><\/span><\/p>\n<p align=\"left\"><span style=\"font-family: Arial, sans-serif;\"><span style=\"font-size: medium;\">Die gro\u00dfen Treffen der IHCU in ganz Deutschland, Holland und D\u00e4nemark wurden besucht. Die M\u00fcnsteraner waren in 1962 im Trial sehr erfolgreich und wurden \u201eDeutscher Vizemeister&#8220;. Ein dreistes Husarenst\u00fcck erlaubten wir uns in 1961, als ich mit Alfred &#8211; obwohl wir beide bei der Bundeswehr waren \u2013 mit unseren Rollern \u00fcber die Transitautobahn durch die DDR zum Heinkeltreffen nach Berlin fuhren. ( Bericht Heinkel-Info Nr. 2\/2013.) H\u00e4tte man uns erwischt, w\u00e4re es f\u00fcr uns beide wohl b\u00f6se ausgegangen.<br \/>\n<\/span><\/span><span style=\"font-family: Arial, sans-serif;\"><span style=\"font-size: medium;\">Die gro\u00dfe Heinkelzeit war dann in den Jahren 1964\/65 f\u00fcr uns schon wieder vorbei, die Roller verkauft oder zum Ansehen in die Scheune gestellt. Alternative Fahrzeuge mit Dach wurden angeschafft.<br \/>\n<\/span><\/span><span style=\"font-family: Arial, sans-serif;\"><span style=\"font-size: medium;\">\u00dcber meinen Bruder kauften wir verunfallte Fahrzeuge und setzten sie wieder instand. So hatte das Dreigestirn in kurzen Abst\u00e4nden immer wieder andere Pkw&#8217;s. mit denen wir gemeinsamen in den <\/span><\/span><span style=\"font-family: Arial, sans-serif;\"><span style=\"font-size: medium;\">Urlaub fuhren.<br \/>\n<\/span><\/span><span style=\"font-family: Arial, sans-serif;\"><span style=\"font-size: medium;\">Als es uns in M\u00fcnster zu eng wurde, ergab es sich, dass im Umland Grundst\u00fccke zu g\u00fcnstigen Preisen angeboten wurden. Wir drei schlugen zu und erwarben drei nebeneinander liegende <\/span><\/span><span style=\"font-family: Arial, sans-serif;\"><span style=\"font-size: medium;\">Grundst\u00fccke.<br \/>\n<\/span><\/span><span style=\"font-family: Arial, sans-serif;\"><span style=\"font-size: medium;\">Nachdem der Stress des H\u00e4uslebauens abnahm, und es wieder mehr Zeit f\u00fcr andere Dinge gab, wurde zun\u00e4chst Alfred wieder vom \u201eHeinkelvirus&#8220; befallen. Mit zwei \u201eNeuheinklem\u00b7&#8216; gr\u00fcndete er 1986 den neuen Heinkel-Club M\u00fcnster. Auch meinen Bruder und mich packte das Heinkelfieber wieder.<br \/>\n<\/span><\/span><span style=\"font-family: Arial, sans-serif;\"><span style=\"font-size: medium;\">Da im Gegensatz zu unseren Behausungen in M\u00fcnster nun wegen unserer drei Doppelgaragen mehr Platz zur Verf\u00fcgung stand, begann ein emsiges Kaufen von restaurierungsbed\u00fcrftigen Heinkelrollern aller Typen. Die Fahrzeuge wurden wie \u201eneu&#8220; restauriert &#8211; nicht zuletzt, weil es \u00fcber den Heinkel-Club-Deutschland <\/span><\/span><span style=\"font-family: Arial, sans-serif;\"><span style=\"font-size: medium;\">alles. was man f\u00fcr Heinkelfahrzeuge an Ersatzteilen ben\u00f6tigte, in k\u00fcrzester Zeit zur Verf\u00fcgung stand. <\/span><\/span><span style=\"font-family: Arial, sans-serif;\"><span style=\"font-size: medium;\">Auch profitierten wir immer wieder von der fachlichen Beratung durch Hertha Dai\u00df und sp\u00e4ter durch Wolfgang Kurz.<br \/>\n<\/span><\/span><span style=\"font-family: Arial, sans-serif;\"><span style=\"font-size: medium;\">1987 reifte im, HCM der Gedanke, j\u00e4hrlich ein Abheinkeln zu veranstalten. Mit zwei weiteren M\u00fcnsteraner Heinkelfreunden organisierten wir das erste Abheinkeln in M\u00fcnster, was im Oktober 1988 auf dem Gel\u00e4nde der bisch\u00f6flichen Sportanlagen durchgef\u00fchrt wurde. Diese Gel\u00e4nde standen uns bis 2004 zur Verf\u00fcgung, als wir &#8211; wegen der Schlie\u00dfung des Gel\u00e4ndes &#8211; im Jahre 2006 auf einen Bauernhof in Havixbeck ausweichen mussten.<br \/>\n<\/span><\/span><span style=\"font-family: Arial, sans-serif;\"><span style=\"font-size: medium;\">Wie unsere Heinkelfreunde sagten: ,,Es war rustikal aber sehr sch\u00f6n.&#8220; Die Termine des M\u00fcnsteraner Abheinkelns wurden f\u00fcr viele Heinkelfreunde zu einem festen Termin in ihrem Kalender.<br \/>\n<\/span><\/span><span style=\"font-family: Arial, sans-serif;\"><span style=\"font-size: medium;\">Da f\u00fcr ein Regionaltreffen mit 60 bis 80 Teilnehmern auf einem Bauernhof viel Equipment erforderlich ist, stellte sich das Problem: Wo bleiben wir mit den ganzen Utensilien zwischen den Treffen? Hier sprang Freund Alfred sofort ein; und er lagerte alles \u00fcber viele <\/span><\/span><span style=\"font-family: Arial, sans-serif;\"><span style=\"font-size: medium;\">Jahre auf seinem Dachboden.<br \/>\nBei den von den M\u00fcnsteranern mit organisierten Jahrestreffen 1994 und 2012 in Salzbergen, stand A1fred stets zur Verf\u00fcgung und war ein eifriger Helfer an meiner Seite.<br \/>\n<\/span><\/span><span style=\"font-family: Arial, sans-serif;\"><span style=\"font-size: medium;\">In 2007 besuchten Alfred und ich die weltweit gr\u00f6\u00dfte internationale Oldtimermesse, die \u201eTechnoklassika&#8220; in Essen. Wir waren sehr erstaunt, dass der gr\u00f6\u00dfte markengebundene Oldtimerclub <\/span><\/span><span style=\"font-family: Arial, sans-serif;\"><span style=\"font-size: medium;\">Deutschlands, vielleicht sogar Europas, nicht vertreten war und waren uns sofort einig, dass dieses ge\u00e4ndert werden muss. Wir nahmen Kontakt zum Heinkel-Club und zum Veranstalter auf und bekamen f\u00fcr 2008 eine ordentlich gro\u00dfe Ausstellungsfl\u00e4che zur Verf\u00fcgung gestellt, auf der die gesamten Heinkelfahrzeuge ausgestellt werden konnten.<\/span><\/span><\/p>\n<p><span style=\"font-family: Arial, sans-serif;\"><span style=\"font-size: medium;\">&nbsp;<img loading=\"lazy\" decoding=\"async\" class=\"alignnone  wp-image-1507\" src=\"https:\/\/www.hrc-muenster.de\/wordpress\/wp-content\/uploads\/2021\/04\/2008_TK_Foto-v.l._Alfred-GeutingErika-NixdorfHermann-Nixdorf-300x171.jpg\" alt=\"\" width=\"419\" height=\"239\" srcset=\"https:\/\/www.hrc-muenster.de\/wordpress\/wp-content\/uploads\/2021\/04\/2008_TK_Foto-v.l._Alfred-GeutingErika-NixdorfHermann-Nixdorf-300x171.jpg 300w, https:\/\/www.hrc-muenster.de\/wordpress\/wp-content\/uploads\/2021\/04\/2008_TK_Foto-v.l._Alfred-GeutingErika-NixdorfHermann-Nixdorf.jpg 505w\" sizes=\"auto, (max-width: 419px) 85vw, 419px\" \/><br \/>\nTK2008 v.l. Alfred Geuting, Erika Nixdorf, Hermann Nixdorf<\/span><\/span><\/p>\n<p><span style=\"font-family: Arial, sans-serif;\"><span style=\"font-size: medium;\">Mit viel Freude betreuten Alfred und ich &#8211; auch unter Mithilfe der M\u00fcnsteraner Clubkollegen &#8211; den Stand vom Heinkel-Club von 2008 bis 2010 . Gerne erinnern wir uns an einen Besuch von ,,Horst Lichter&#8220; auf unserem Stand.<br \/>\n<\/span><\/span><span style=\"font-family: Arial, sans-serif;\"><span style=\"font-size: medium;\">Es soll nicht unerw\u00e4hnt bleiben, dass der Heinkel-Club-Deutschland unsere finanziellen Ausgaben erstattete. Nach unserem Ausscheiden \u00fcbernahm Wolfgang Karaus die <\/span><\/span><span style=\"font-family: Arial, sans-serif;\"><span style=\"font-size: medium;\">Organisation, und Betreuung auf dem Heinkelstand.<\/span><\/span><\/p>\n<p><span style=\"font-family: Arial, sans-serif;\"><span style=\"font-size: medium;\">Im Laufe der Zeit hatte sich in der Sackgasse, in der wir wohnen, eine kleine Heinkel-Kolonie gebildet. In den Garagen bei vier Haushalten standen inzwischen 12 Roller &#8211; vom Kiki \u00fcber 102 A 1 103 Al, 103 A2 bis zum Zweitackter. Im Ort sprach man bereits von der \u201eHeinkelstra\u00dfe&#8220;.<br \/>\n<\/span><\/span><span style=\"font-family: Arial, sans-serif;\"><span style=\"font-size: medium;\">Diese Heinkelfreunde, zu denen auch Alfred Geuting geh\u00f6rte, unternahmen in den Jahren 1991 nach Berlin bis 2016 nach Holland jedes Jahr eine mehrt\u00e4gige Jahresfahrt zu unterschiedlichen Zielen &#8211; meistens innerhalb Deutschlands. <\/span><\/span><span style=\"font-family: Arial, sans-serif;\"><span style=\"font-size: medium;\">Gerne h\u00e4tte ich mit meinem Freund Alfred noch einige sch\u00f6ne Fahrten unternommen; aber v\u00f6llig unerwartet ist er am <b>20.<\/b><b>0<\/b><b>1.<\/b><b>0<\/b><b>2.2020 <\/b>f\u00fcr <b>immer <\/b>von uns gegangen.<br \/>\nAlfreds treue Heinkelroller, die ihm so viel Freude bereiteten, z.B. unter anderem auf Alpentouren, warten nun auf neue Besitzer, um die &#8222;<span style=\"color: #0000ff;\">Legende am Laufen<\/span>&#8220; zu halten.<br \/>\n<img loading=\"lazy\" decoding=\"async\" class=\"alignnone size-medium wp-image-1523\" src=\"https:\/\/www.hrc-muenster.de\/wordpress\/wp-content\/uploads\/2021\/04\/Geuting-Roller-Wasserzeichen-225x300.jpg\" alt=\"\" width=\"225\" height=\"300\" srcset=\"https:\/\/www.hrc-muenster.de\/wordpress\/wp-content\/uploads\/2021\/04\/Geuting-Roller-Wasserzeichen-225x300.jpg 225w, https:\/\/www.hrc-muenster.de\/wordpress\/wp-content\/uploads\/2021\/04\/Geuting-Roller-Wasserzeichen-768x1024.jpg 768w, https:\/\/www.hrc-muenster.de\/wordpress\/wp-content\/uploads\/2021\/04\/Geuting-Roller-Wasserzeichen-1152x1536.jpg 1152w, https:\/\/www.hrc-muenster.de\/wordpress\/wp-content\/uploads\/2021\/04\/Geuting-Roller-Wasserzeichen.jpg 1200w\" sizes=\"auto, (max-width: 225px) 85vw, 225px\" \/><br \/>\n<\/span><\/span><\/p>\n<pre><span style=\"font-family: Arial, sans-serif;\"><span style=\"font-size: medium;\">*(lnternationale \u2013 Heinkel \u2013 Club - Union)\n<\/span><\/span><span style=\"font-family: Arial, sans-serif;\"><span style=\"font-size: medium;\">(Die IHCU wurde vom Heinkel - Werk zu Werbezwecken gegr\u00fcndet und <b>Kurt <\/b><b>H<\/b>acker, als hauptamtlicher Sekret\u00e4r eingestellt. Geschicklichkeits- und Trialmeisterschaften wurden organisiert.)<\/span><\/span><\/pre>\n<p align=\"left\">-von Hermann Nixdorf Mitgl.-Nr.: 3198-<\/p>\n","protected":false},"excerpt":{"rendered":"<p>Die Geschichte beginnt an einem sonnigen Sommertag im Jahre 1959 an einer Eisdiele in M\u00fcnster: Ich stehe mit meinem, von meinem Bruder und mir frisch restaurierten, Heinkel &#8211; Kiki mit einem Eis in der Hand neben meinem Roller, als ein junger Mann mit einem neuen 103 Al vorf\u00e4hrt, um sich ebenfalls bei der sommerlichen Hitze &hellip; <a href=\"https:\/\/www.hrc-muenster.de\/wordpress\/berichte\/dank-heinkel-eine-freundschaft-fuers-leben\/\" class=\"more-link\"><span class=\"screen-reader-text\">\u201eDank Heinkel &#8211; eine Freundschaft f\u00fcr&#8217;s Leben\u201c <\/span>weiterlesen<\/a><\/p>\n","protected":false},"author":2,"featured_media":0,"parent":221,"menu_order":89,"comment_status":"closed","ping_status":"closed","template":"","meta":{"footnotes":""},"class_list":["post-1508","page","type-page","status-publish","hentry"],"_links":{"self":[{"href":"https:\/\/www.hrc-muenster.de\/wordpress\/wp-json\/wp\/v2\/pages\/1508","targetHints":{"allow":["GET"]}}],"collection":[{"href":"https:\/\/www.hrc-muenster.de\/wordpress\/wp-json\/wp\/v2\/pages"}],"about":[{"href":"https:\/\/www.hrc-muenster.de\/wordpress\/wp-json\/wp\/v2\/types\/page"}],"author":[{"embeddable":true,"href":"https:\/\/www.hrc-muenster.de\/wordpress\/wp-json\/wp\/v2\/users\/2"}],"replies":[{"embeddable":true,"href":"https:\/\/www.hrc-muenster.de\/wordpress\/wp-json\/wp\/v2\/comments?post=1508"}],"version-history":[{"count":9,"href":"https:\/\/www.hrc-muenster.de\/wordpress\/wp-json\/wp\/v2\/pages\/1508\/revisions"}],"predecessor-version":[{"id":1787,"href":"https:\/\/www.hrc-muenster.de\/wordpress\/wp-json\/wp\/v2\/pages\/1508\/revisions\/1787"}],"up":[{"embeddable":true,"href":"https:\/\/www.hrc-muenster.de\/wordpress\/wp-json\/wp\/v2\/pages\/221"}],"wp:attachment":[{"href":"https:\/\/www.hrc-muenster.de\/wordpress\/wp-json\/wp\/v2\/media?parent=1508"}],"curies":[{"name":"wp","href":"https:\/\/api.w.org\/{rel}","templated":true}]}}