{"id":1811,"date":"2023-08-10T10:52:22","date_gmt":"2023-08-10T08:52:22","guid":{"rendered":"https:\/\/www.hrc-muenster.de\/wordpress\/?page_id=1811"},"modified":"2023-08-10T11:09:09","modified_gmt":"2023-08-10T09:09:09","slug":"lemgoer-schrauber-tour-2023","status":"publish","type":"page","link":"https:\/\/www.hrc-muenster.de\/wordpress\/berichte\/lemgoer-schrauber-tour-2023\/","title":{"rendered":"Lemgoer Schrauber Tour 2023"},"content":{"rendered":"<p align=\"left\"><span style=\"font-size: medium;\">vom 13.07. &#8211; 16.07.2023<\/span><\/p>\n<p align=\"left\"><span style=\"font-size: medium;\">Wie jedes Jahr haben wir uns auch dieses Jahr wieder getroffen um ein paar Tage Roller zu fahren.<\/span><\/p>\n<p align=\"left\">Wir, das sind elf M\u00e4nner aus verschiedenen Stammtischen mit ihren Heinkel.<br \/>\nDas sind:<br \/>\nKlaus L., Werner S., Michael F., Richard B., Johann K., Dirk T., Willi V., Rainer D., Reiner &amp; Stefan Sp., so wie Michael D.<\/p>\n<p align=\"left\">Treffpunkt war am 13.07.2023 um 11:00 Uhr beim Burger-King in Telgte. Von Telgte fuhren wir \u00fcber Landstra\u00dfen nach G\u00fctersloh zu Michael F.. Der hat uns mit selbstgemachten Kuchen verw\u00f6hnt.<\/p>\n<p align=\"left\">Als es dann weiter ging sollte, sprang der Roller von Reiner Sp. nicht an.<img loading=\"lazy\" decoding=\"async\" class=\"wp-image-1810 alignright\" src=\"https:\/\/www.hrc-muenster.de\/wordpress\/wp-content\/uploads\/2023\/08\/20230713_Werner-schraubt_01_W-225x300.jpg\" alt=\"\" width=\"91\" height=\"121\" srcset=\"https:\/\/www.hrc-muenster.de\/wordpress\/wp-content\/uploads\/2023\/08\/20230713_Werner-schraubt_01_W-225x300.jpg 225w, https:\/\/www.hrc-muenster.de\/wordpress\/wp-content\/uploads\/2023\/08\/20230713_Werner-schraubt_01_W.jpg 750w\" sizes=\"auto, (max-width: 91px) 85vw, 91px\" \/> Der Vergaser streikte und es wurde ein neuer Vergaser eingebaut. Nach einer Stunde getaner Arbeit sollte es dann weiter gehen.<br \/>\nJetzt versagte der Roller von Michael F.. Die Batterie war v\u00f6llig leer und mehr zu gebrauchen. Eine Neue <span lang=\"de-DE\">musste<\/span> her!<br \/>\nSieben Heinkler fahren nach Lemgo. Die anderen kauften eine neue Batterie und bauten diese ein.<\/p>\n<p align=\"left\">Abends waren wir dann wieder im Hotel zusammen und gingen zum Essen in die Stadt.<br \/>\nNach einem super Fr\u00fchst\u00fcck fuhren wir nach H\u00f6xter zur Landesgartenschau. Kurz vor H\u00f6xter ist mein Roller liegen geblieben. Die Z\u00fcndkerze hatte sich <span lang=\"de-DE\">los ger\u00fcttelt<\/span> und das Gewinde sah nicht mehr gut aus. Werner konnte die Z\u00fcndkerze wieder rein schrauben und es ging weiter zur Landesgartenschau.<\/p>\n<p align=\"left\">Nach dem Besuch der sch\u00f6n angelegte Landesgartenschau suchten wir eine Motoreninstandsetzungsfirma in H\u00f6xter. Nach mehreren Anrufen fanden wir die Firma Heise.<\/p>\n<p align=\"left\">Herr Heise leistete Top Arbeit an meinem Roller und hatte das Gewinde innerhalb von 20 Minuten ersetzt. Wir setzten die Z\u00fcndkerze ein. Jetzt konnten alle Roller wieder weiter fahren. Die Kollegen warteten schon an der Eisdiele in H\u00f6xter. Nach dem Eis fuhren wir zur\u00fcck zum Hotel.<\/p>\n<p align=\"left\">Abends waren wir dann im Biergarten vom Hotel. Hier gab es gutes Bier und leckeres Essen.<img loading=\"lazy\" decoding=\"async\" class=\"wp-image-1809 alignright\" src=\"https:\/\/www.hrc-muenster.de\/wordpress\/wp-content\/uploads\/2023\/08\/20230715_gemuetliches-Beisammensein_01_W-300x300.jpg\" alt=\"\" width=\"106\" height=\"106\" srcset=\"https:\/\/www.hrc-muenster.de\/wordpress\/wp-content\/uploads\/2023\/08\/20230715_gemuetliches-Beisammensein_01_W-300x300.jpg 300w, https:\/\/www.hrc-muenster.de\/wordpress\/wp-content\/uploads\/2023\/08\/20230715_gemuetliches-Beisammensein_01_W-150x150.jpg 150w, https:\/\/www.hrc-muenster.de\/wordpress\/wp-content\/uploads\/2023\/08\/20230715_gemuetliches-Beisammensein_01_W-768x768.jpg 768w, https:\/\/www.hrc-muenster.de\/wordpress\/wp-content\/uploads\/2023\/08\/20230715_gemuetliches-Beisammensein_01_W.jpg 1000w\" sizes=\"auto, (max-width: 106px) 85vw, 106px\" \/><\/p>\n<p align=\"left\">Am Samstag sollte es dann zum K\u00f6terberg gehen, der h\u00f6chste Berg in der Umgebung und ein bekannter Biker Treffpunkt. Einen grandiosen Ausblick belohnte uns f\u00fcr die Fahrt dorthin. Um 12:00 Uhr fing es an zu Regnen und wir machten uns auf den Weg zur\u00fcck zur Unterkunft. Da die Bremsen von Michael F. blockierten, fuhren wir sehr vorsichtig und langsam den K\u00f6terberg herunter. Am Hotel angekommen gab es erst einmal ein leckeres Bier in der Hotelbar.<\/p>\n<p align=\"left\">Abends wurden Burger gegessen.<\/p>\n<p align=\"left\">Sonntag war die R\u00fcckreise geplant. Nach dem Fr\u00fchst\u00fcck trafen wir uns bei den Rollern. Der Vergaser von Reiner Sp. machte wieder Probleme und <span lang=\"de-DE\">musste<\/span> noch <span lang=\"de-DE\">mal<\/span> ausgetauscht werden. Nach einer Stunde schrauben ging es dann auf den Weg nach Hause. Die Heimfahrt verlief problemlos und alle kamen gut zu Hause an.<br \/>\nich m\u00f6chte mich hiermit im Namen aller bei Werner S. bedanken. Der immer bereit war und immer half wenn ein Roller nicht mehr wollte.<\/p>\n<p align=\"left\">Michael D.<\/p>\n","protected":false},"excerpt":{"rendered":"<p>vom 13.07. &#8211; 16.07.2023 Wie jedes Jahr haben wir uns auch dieses Jahr wieder getroffen um ein paar Tage Roller zu fahren. Wir, das sind elf M\u00e4nner aus verschiedenen Stammtischen mit ihren Heinkel. Das sind: Klaus L., Werner S., Michael F., Richard B., Johann K., Dirk T., Willi V., Rainer D., Reiner &amp; Stefan Sp., &hellip; <a href=\"https:\/\/www.hrc-muenster.de\/wordpress\/berichte\/lemgoer-schrauber-tour-2023\/\" class=\"more-link\"><span class=\"screen-reader-text\">\u201eLemgoer Schrauber Tour 2023\u201c <\/span>weiterlesen<\/a><\/p>\n","protected":false},"author":2,"featured_media":0,"parent":221,"menu_order":87,"comment_status":"closed","ping_status":"closed","template":"","meta":{"footnotes":""},"class_list":["post-1811","page","type-page","status-publish","hentry"],"_links":{"self":[{"href":"https:\/\/www.hrc-muenster.de\/wordpress\/wp-json\/wp\/v2\/pages\/1811","targetHints":{"allow":["GET"]}}],"collection":[{"href":"https:\/\/www.hrc-muenster.de\/wordpress\/wp-json\/wp\/v2\/pages"}],"about":[{"href":"https:\/\/www.hrc-muenster.de\/wordpress\/wp-json\/wp\/v2\/types\/page"}],"author":[{"embeddable":true,"href":"https:\/\/www.hrc-muenster.de\/wordpress\/wp-json\/wp\/v2\/users\/2"}],"replies":[{"embeddable":true,"href":"https:\/\/www.hrc-muenster.de\/wordpress\/wp-json\/wp\/v2\/comments?post=1811"}],"version-history":[{"count":2,"href":"https:\/\/www.hrc-muenster.de\/wordpress\/wp-json\/wp\/v2\/pages\/1811\/revisions"}],"predecessor-version":[{"id":1815,"href":"https:\/\/www.hrc-muenster.de\/wordpress\/wp-json\/wp\/v2\/pages\/1811\/revisions\/1815"}],"up":[{"embeddable":true,"href":"https:\/\/www.hrc-muenster.de\/wordpress\/wp-json\/wp\/v2\/pages\/221"}],"wp:attachment":[{"href":"https:\/\/www.hrc-muenster.de\/wordpress\/wp-json\/wp\/v2\/media?parent=1811"}],"curies":[{"name":"wp","href":"https:\/\/api.w.org\/{rel}","templated":true}]}}