{"id":251,"date":"2015-04-29T23:06:05","date_gmt":"2015-04-29T21:06:05","guid":{"rendered":"https:\/\/www.hrc-muenster.de\/wordpress\/?page_id=251"},"modified":"2023-07-23T12:56:12","modified_gmt":"2023-07-23T10:56:12","slug":"anheinkel-hrc-muenster","status":"publish","type":"page","link":"https:\/\/www.hrc-muenster.de\/wordpress\/berichte\/anheinkel-hrc-muenster\/","title":{"rendered":"2015 Anheinkel HRC-M\u00fcnster"},"content":{"rendered":"<h6 lang=\"zxx\" align=\"justify\">Anheinkeln des Heinkel-Club-M\u00fcnster vom 24. bis 26.04.2015 in Senden<\/h6>\n<p lang=\"zxx\" align=\"justify\"><span style=\"font-family: Arial,sans-serif;\"><span style=\"font-size: medium;\">Ich weiss nicht mehr genau, wann Hubert B. Und ich Hermann Nixdorf und einige andere Mitglieder des HC M\u00fcnster kennengelernt haben. Es muss aber schon einige Jahre zur\u00fcckliegen, denn wir haben das im Zweijahresrythmus stattfindende &#8222;Abheinkeln&#8220; im Herbst mindestens zweimal besucht. Folglich war ich etwas \u00fcberrascht, aus dem Clubheft zu erfahren, dass die M\u00fcnsteraner 2015 ein &#8222;Anheinkeln&#8220; veranstalten wollten.<img loading=\"lazy\" decoding=\"async\" class=\" wp-image-64 alignright\" src=\"https:\/\/www.hrc-muenster.de\/wordpress\/wp-content\/uploads\/2016\/04\/Anheinkeln-2015_01-300x169.jpg\" alt=\"Anheinkeln-2015_01\" width=\"243\" height=\"137\" srcset=\"https:\/\/www.hrc-muenster.de\/wordpress\/wp-content\/uploads\/2016\/04\/Anheinkeln-2015_01-300x169.jpg 300w, https:\/\/www.hrc-muenster.de\/wordpress\/wp-content\/uploads\/2016\/04\/Anheinkeln-2015_01-768x432.jpg 768w, https:\/\/www.hrc-muenster.de\/wordpress\/wp-content\/uploads\/2016\/04\/Anheinkeln-2015_01-1024x576.jpg 1024w, https:\/\/www.hrc-muenster.de\/wordpress\/wp-content\/uploads\/2016\/04\/Anheinkeln-2015_01-1200x675.jpg 1200w, https:\/\/www.hrc-muenster.de\/wordpress\/wp-content\/uploads\/2016\/04\/Anheinkeln-2015_01.jpg 1920w\" sizes=\"auto, (max-width: 243px) 85vw, 243px\" \/><\/span><\/span><\/p>\n<p lang=\"zxx\" align=\"justify\"><span style=\"font-family: Arial,sans-serif;\"><span style=\"font-size: medium;\">Da wir uns in M\u00fcnster immer sehr gut aufgehoben f\u00fchlten, stand f\u00fcr mich schnell fest, dass ich dieses Mal wieder nach M\u00fcnster \/ Senden fahren w\u00fcrde, falls das Wetter halbwegs passabel sein sollte.<\/span><\/span><\/p>\n<p lang=\"zxx\" align=\"justify\"><span style=\"font-family: Arial,sans-serif;\"><span style=\"font-size: medium;\">Die Wetterg\u00f6tter waren den M\u00fcnsteranern und mir ziemlich wohl gesonnen.<\/span><\/span><\/p>\n<p lang=\"zxx\" align=\"justify\"><span style=\"font-family: Arial,sans-serif;\"><span style=\"font-size: medium;\">Bei herrlichem Wetter startete ich am Freitag (24.4.2015) aus der Eifel die Reise gegen 10:30 Uhr auf den beiden Achsen meines 103 A2. Da ich nur \u00fcber Land gefahren bin, kam ich nach ca 250 km und f\u00fcnfst\u00fcndiger Fahrt gegen 15:30 Uhr auf dem Gel\u00e4nde des Sendener Ruderclubs an, auf dem die M\u00fcnsteraner das Treffen ausrichteten.<\/span><\/span><\/p>\n<p lang=\"zxx\" align=\"justify\"><span style=\"font-family: Arial,sans-serif;\"><span style=\"font-size: medium;\">Kaffe und Kuchen erwarteten mich bereits und schon konnte der Kl\u00f6nschnack mit liebgerwonnenen Bekannten beginnen.<\/span><\/span><\/p>\n<p lang=\"zxx\" align=\"justify\"><span style=\"font-family: Arial,sans-serif;\"><span style=\"font-size: medium;\">Mein Zelt konnte ich zu Hause lassen, weil man auf Hermanns \u00fcberdachtem Materialanh\u00e4nger viel besser schlafen kann.<\/span><\/span><\/p>\n<p lang=\"zxx\" align=\"justify\"><span style=\"font-family: Arial,sans-serif;\"><span style=\"font-size: medium;\">Am Samstagmorgen, nach einem sehr guten Fr\u00fchst\u00fcck, brachen wir gegen 10:00 zur angek\u00fcndigten &#8222;Fahrt ins M\u00fcnsterland&#8220; auf. \u00dcber kleinste Stra\u00dfen &#8211; eigentlich sind das geteerte Feldwege, die jeder benutzen darf \u2013 erreichten wir ein sehr gut best\u00fccktes kleines Oldtimermuseum namens &#8222;ERKO&#8220; in D\u00fclmen. Zwar waren die vierr\u00e4drigen Ausstellungsst\u00fccke klar in der \u00dcberzahl, dennoch konnten wir auch sehr interessante Zweir\u00e4der bestaunen. Mich hat die &#8222;W 2000&#8220; mit ihrem Wankelmotor am meisten beeindruckt.<img loading=\"lazy\" decoding=\"async\" class=\" wp-image-243 alignright\" src=\"https:\/\/www.hrc-muenster.de\/wordpress\/wp-content\/uploads\/2016\/04\/Anheinkeln-2015_06-300x169.jpg\" alt=\"Anheinkeln-2015_06\" width=\"240\" height=\"135\" srcset=\"https:\/\/www.hrc-muenster.de\/wordpress\/wp-content\/uploads\/2016\/04\/Anheinkeln-2015_06-300x169.jpg 300w, https:\/\/www.hrc-muenster.de\/wordpress\/wp-content\/uploads\/2016\/04\/Anheinkeln-2015_06-768x432.jpg 768w, https:\/\/www.hrc-muenster.de\/wordpress\/wp-content\/uploads\/2016\/04\/Anheinkeln-2015_06-1024x576.jpg 1024w, https:\/\/www.hrc-muenster.de\/wordpress\/wp-content\/uploads\/2016\/04\/Anheinkeln-2015_06-1200x675.jpg 1200w, https:\/\/www.hrc-muenster.de\/wordpress\/wp-content\/uploads\/2016\/04\/Anheinkeln-2015_06.jpg 1920w\" sizes=\"auto, (max-width: 240px) 85vw, 240px\" \/><\/span><\/span><\/p>\n<p lang=\"zxx\" align=\"justify\"><span style=\"font-family: Arial,sans-serif;\"><span style=\"font-size: medium;\">Auch ein &#8222;Wiesmann Roadster&#8220; aus der inzwischen insolventen D\u00fclmener Automanufaktur war zu sehen.<img loading=\"lazy\" decoding=\"async\" class=\" wp-image-247 alignleft\" src=\"https:\/\/www.hrc-muenster.de\/wordpress\/wp-content\/uploads\/2016\/04\/Anheinkeln-2015_08-300x169.jpg\" alt=\"Anheinkeln-2015_08\" width=\"223\" height=\"126\" srcset=\"https:\/\/www.hrc-muenster.de\/wordpress\/wp-content\/uploads\/2016\/04\/Anheinkeln-2015_08-300x169.jpg 300w, https:\/\/www.hrc-muenster.de\/wordpress\/wp-content\/uploads\/2016\/04\/Anheinkeln-2015_08-768x432.jpg 768w, https:\/\/www.hrc-muenster.de\/wordpress\/wp-content\/uploads\/2016\/04\/Anheinkeln-2015_08-1024x576.jpg 1024w, https:\/\/www.hrc-muenster.de\/wordpress\/wp-content\/uploads\/2016\/04\/Anheinkeln-2015_08-1200x675.jpg 1200w, https:\/\/www.hrc-muenster.de\/wordpress\/wp-content\/uploads\/2016\/04\/Anheinkeln-2015_08.jpg 1920w\" sizes=\"auto, (max-width: 223px) 85vw, 223px\" \/><\/span><\/span><\/p>\n<p lang=\"zxx\" align=\"justify\"><span style=\"font-family: Arial,sans-serif;\"><span style=\"font-size: medium;\">Dann hie\u00df es wieder &#8222;Aufsitzen&#8220; und weiterrollen zu den D\u00fclmener Wildpferden im Merfelder Bruch. Auf einem ca 16 km\u00b2 gro\u00dfen Reservat \u00fcberleben hier etwa 350 Stuten die Jahreszeitl\u00e4ufe fast ohne menschliches Eingreifen. Mit allen Problemen des Pferdelebens, \u00dcberwinden von Krankheiten oder bei der Geburt der Fohlen m\u00fcssen die Tiere selbst klarkommen. Es wird lediglich im Winter Heu zugef\u00fcttert, weil das Nahrungsangebot f\u00fcr 350 Pferde auf 16 km\u00b2 zu gering ist. Diese und noch viele andere Informationen bekamen wir auf einem l\u00e4ngeren Rundgang durch das Reserevat vom Ehepaar M\u00f6llers, welches sich bestens im Reservat auskennt.<\/span><\/span><\/p>\n<p lang=\"zxx\" align=\"justify\"><span style=\"font-family: Arial,sans-serif;\"><span style=\"font-size: medium;\">Es muss noch erw\u00e4hnt werden, dass das gesamte Reservat und alle darauf lebenden Tiere dem Herzog con Croy geh\u00f6rt, dessen Angestellte das gesch\u00fctzte Gebiet betreuen. <\/span><\/span><\/p>\n<p lang=\"zxx\" align=\"justify\"><span style=\"font-family: Arial,sans-serif;\"><span style=\"font-size: medium;\">\u00dcbrigens: Weltweit bekannt ist das j\u00e4hrliche Spektakel beim Einfangen der einj\u00e4hrigen Hengste durch D\u00fclmener &#8222;Jungm\u00e4nner&#8220;.<img loading=\"lazy\" decoding=\"async\" class=\"wp-image-248 alignright\" src=\"https:\/\/www.hrc-muenster.de\/wordpress\/wp-content\/uploads\/2016\/04\/Anheinkeln-2015_09-300x169.jpg\" alt=\"Anheinkeln-2015_09\" width=\"245\" height=\"138\" srcset=\"https:\/\/www.hrc-muenster.de\/wordpress\/wp-content\/uploads\/2016\/04\/Anheinkeln-2015_09-300x169.jpg 300w, https:\/\/www.hrc-muenster.de\/wordpress\/wp-content\/uploads\/2016\/04\/Anheinkeln-2015_09-768x432.jpg 768w, https:\/\/www.hrc-muenster.de\/wordpress\/wp-content\/uploads\/2016\/04\/Anheinkeln-2015_09-1024x576.jpg 1024w, https:\/\/www.hrc-muenster.de\/wordpress\/wp-content\/uploads\/2016\/04\/Anheinkeln-2015_09-1200x675.jpg 1200w, https:\/\/www.hrc-muenster.de\/wordpress\/wp-content\/uploads\/2016\/04\/Anheinkeln-2015_09.jpg 1920w\" sizes=\"auto, (max-width: 245px) 85vw, 245px\" \/><\/span><\/span><\/p>\n<p lang=\"zxx\" align=\"justify\"><span style=\"font-family: Arial,sans-serif;\"><span style=\"font-size: medium;\">Im Anschluss an die F\u00fchrung durch das Wildpferdereserevat fuhren wir zur\u00fcck zum Gel\u00e4nde des Ruderclubs. <\/span><\/span><\/p>\n<p lang=\"zxx\" align=\"justify\"><span style=\"font-family: Arial,sans-serif;\"><span style=\"font-size: medium;\">Hier warteten herrliche Kuchen und Torten \u2013 alle gebacken vom nimmerm\u00fcden weiblichen Helferteam des HC M\u00fcnster darauf, von den hungrigen G\u00e4sten verspeist zu werden.<\/span><\/span><\/p>\n<p lang=\"zxx\" align=\"justify\"><span style=\"font-family: Arial,sans-serif;\"><span style=\"font-size: medium;\">Bei leichtem Regen hatten wir unsere Ausfahrt begonnen. Nach ungef\u00e4hr einer Stunde hatten die Wetterg\u00f6tter ein Einsehen und stellten die Dauerberieselung ein, so dass die Ausfahrt auch unter diesem Gesichtpunkt zu einem vollen Erfolg wurde.<\/span><\/span><\/p>\n<p lang=\"zxx\" align=\"justify\"><span style=\"font-family: Arial,sans-serif;\"><span style=\"font-size: medium;\">Die von Georg Abendroth ausgesuchte Strecke zeigte uns wieder einmal das M\u00fcnsterland in seiner ganzen Sch\u00f6nheit.<\/span><\/span><\/p>\n<p lang=\"zxx\" align=\"justify\"><span style=\"font-family: Arial,sans-serif;\"><span style=\"font-size: medium;\">Das gem\u00fctliche Beisammensein am Abend wurde von Heinz Holtk\u00f6tter musikalisch gestaltet. Heinz Holtk\u00f6tter engagiert sich seit vielen Jahren mit vollem Einsatz f\u00fcr die Aktion &#8222;Herzensw\u00fcnsche&#8220;, die totgeweihten Kindern noch einen letzten Wunsch erf\u00fcllt. Die Heinkler spendeten gro\u00dfz\u00fcgig f\u00fcr die Aktion &#8222;Herzensw\u00fcnsche&#8220;, sodass Hermann Nixdorf &#8211; mit einer leichten Aufstockung aus der Clubkasse \u2013 insgesamt 250,00 \u20ac an Heinz Holtk\u00f6tter \u00fcbergeben konnte.<\/span><\/span><\/p>\n<p lang=\"zxx\" align=\"justify\"><span style=\"font-family: Arial,sans-serif;\"><span style=\"font-size: medium;\">Nachdem alle Pokale vergeben waren, ging Hermann Nixdorf auf einige Probleme ein, die ihm zunehmend Sorge bereiten. Die Gruppe der echten Aktivisten ist auch beim HC M\u00fcnster \u00fcberschaubar klein und die meisten von ihnen sind im achten Lebensjahrzehnt angekommen. Eine breite Unterst\u00fczung von Seiten der ca 30 Mitglider des HC M\u00fcnster w\u00e4re also sehr willkommen. Wegen der hier angesprochenen Gr\u00fcnde ist es fraglich, ob ein solches Treffen (Abheinkeln oder Anheinkeln spielt dabei keine Rolle) in zwei Jahren noch einmal gestemmt werden kann. Hoffen wir das Beste, liebe Heinkler.<\/span><\/span><\/p>\n<p lang=\"zxx\" align=\"justify\"><span style=\"font-family: Arial,sans-serif;\"><span style=\"font-size: medium;\">Nach dem gemeinsamen Fr\u00fchst\u00fcck am Sonntagmorgen \u2013 wieder toll hergerichtet von den unerm\u00fcdlichen Damen des HC M\u00fcnster, habe ich dann meine Heimreise angetreten. Ich bin 50 Km Landstra\u00dfe gefahren und dann \u00fcber Wuppertal und K\u00f6ln bis D\u00fcren auf der Autobahn gerollt. Die letzten 20 km geh\u00f6rten wieder der Landstra\u00dfe.<\/span><\/span><\/p>\n<p lang=\"zxx\" align=\"justify\"><span style=\"font-family: Arial,sans-serif;\"><span style=\"font-size: medium;\">Leider erwischte mich f\u00fcnf Kilometer vor der heimatlichen Garage ein heftiger Aprilschauer. Aber diese missliche \u00dcberraschung kann die Erinnerung an ein Wochenende, bestens ausgerichtet vom HC M\u00fcnster, \u00fcberhaupt nicht tr\u00fcben.<\/span><\/span><\/p>\n<p lang=\"zxx\" align=\"justify\"><span style=\"font-family: Arial,sans-serif;\"><span style=\"font-size: medium;\">Ich w\u00fcrde gerne in zwei Jahren wieder die Reise nach M\u00fcnster \/ Senden unternehmen.<\/span><\/span><\/p>\n<p lang=\"zxx\" align=\"justify\"><span style=\"font-family: Arial,sans-serif;\"><span style=\"font-size: medium;\">Schlie\u00dfen m\u00f6chte ich meinen Bericht beenden mit einem gro\u00dfen Dankesch\u00f6n an das Orgatem.<\/span><\/span><\/p>\n<p lang=\"zxx\" align=\"justify\"><span style=\"font-family: Arial,sans-serif;\"><span style=\"font-size: medium;\">Aloys Bergs<\/span><\/span><\/p>\n<p lang=\"zxx\" align=\"justify\"><span style=\"font-family: Arial,sans-serif;\"><span style=\"font-size: medium;\">aus der sch\u00f6nen Eifel<\/span><\/span><\/p>\n","protected":false},"excerpt":{"rendered":"<p>Anheinkeln des Heinkel-Club-M\u00fcnster vom 24. bis 26.04.2015 in Senden Ich weiss nicht mehr genau, wann Hubert B. Und ich Hermann Nixdorf und einige andere Mitglieder des HC M\u00fcnster kennengelernt haben. Es muss aber schon einige Jahre zur\u00fcckliegen, denn wir haben das im Zweijahresrythmus stattfindende &#8222;Abheinkeln&#8220; im Herbst mindestens zweimal besucht. Folglich war ich etwas \u00fcberrascht, &hellip; <a href=\"https:\/\/www.hrc-muenster.de\/wordpress\/berichte\/anheinkel-hrc-muenster\/\" class=\"more-link\"><span class=\"screen-reader-text\">\u201e2015 Anheinkel HRC-M\u00fcnster\u201c <\/span>weiterlesen<\/a><\/p>\n","protected":false},"author":2,"featured_media":0,"parent":221,"menu_order":94,"comment_status":"closed","ping_status":"closed","template":"","meta":{"footnotes":""},"class_list":["post-251","page","type-page","status-publish","hentry"],"_links":{"self":[{"href":"https:\/\/www.hrc-muenster.de\/wordpress\/wp-json\/wp\/v2\/pages\/251","targetHints":{"allow":["GET"]}}],"collection":[{"href":"https:\/\/www.hrc-muenster.de\/wordpress\/wp-json\/wp\/v2\/pages"}],"about":[{"href":"https:\/\/www.hrc-muenster.de\/wordpress\/wp-json\/wp\/v2\/types\/page"}],"author":[{"embeddable":true,"href":"https:\/\/www.hrc-muenster.de\/wordpress\/wp-json\/wp\/v2\/users\/2"}],"replies":[{"embeddable":true,"href":"https:\/\/www.hrc-muenster.de\/wordpress\/wp-json\/wp\/v2\/comments?post=251"}],"version-history":[{"count":5,"href":"https:\/\/www.hrc-muenster.de\/wordpress\/wp-json\/wp\/v2\/pages\/251\/revisions"}],"predecessor-version":[{"id":1783,"href":"https:\/\/www.hrc-muenster.de\/wordpress\/wp-json\/wp\/v2\/pages\/251\/revisions\/1783"}],"up":[{"embeddable":true,"href":"https:\/\/www.hrc-muenster.de\/wordpress\/wp-json\/wp\/v2\/pages\/221"}],"wp:attachment":[{"href":"https:\/\/www.hrc-muenster.de\/wordpress\/wp-json\/wp\/v2\/media?parent=251"}],"curies":[{"name":"wp","href":"https:\/\/api.w.org\/{rel}","templated":true}]}}