{"id":270,"date":"2011-07-28T17:35:36","date_gmt":"2011-07-28T15:35:36","guid":{"rendered":"https:\/\/www.hrc-muenster.de\/wordpress\/?page_id=270"},"modified":"2023-07-23T12:54:52","modified_gmt":"2023-07-23T10:54:52","slug":"25-jahre-hrc-ms-2","status":"publish","type":"page","link":"https:\/\/www.hrc-muenster.de\/wordpress\/berichte\/25-jahre-hrc-ms-2\/","title":{"rendered":"25 Jahre HRC-MS"},"content":{"rendered":"<p class=\"western\"><span style=\"font-size: x-large;\">Gelungenes Jubil\u00e4umsfest zum 25j\u00e4hrigen der Heinkelfreunde vom 15. bis 17. Juli 2011<\/span><\/p>\n<p class=\"western\">F\u00fcr die Heinkelfreunde steht eines fest: Petrus war ein Heinkelfahrer, denn er bescherte gutes Wetter zum Treffen am Schleppermuseum in Havixbeck \/ Altenberge. War es zum Einrichten f\u00fcr das Fest zum 25j\u00e4hrigen Bestehen des Heinkel-Roller-Clubs M\u00fcnster noch sehr regnerisch, so schien beim Eintreffen der Heinkelroller fahrenden G\u00e4ste aus Hamburg, G\u00f6ttingen, dem Hunsr\u00fcck, der Eifel und der n\u00e4heren Umgebung die Sonne. Das Schleppermuseum bildete das n\u00f6tige sch\u00f6ne Ambiente f\u00fcr ein gelungenes Oldtimertreffen.<\/p>\n<p class=\"western\">Am Samstag, starteten 60 Heinkelrollerfahrer zu einer zweieinhalbst\u00fcndigen Rundfahrt durch das wundersch\u00f6ne M\u00fcnsterland rund um Havixbeck. Die Tour f\u00fchrte \u00fcber Billerbeck zum Longinusturm, dann durch das Stevertal nach Tilbeck. Am Schlo\u00df H\u00fclshoff pausierten die Rollerfahrer zur Besichtigung der Au\u00dfenanlagen. Weiter f\u00fchrte die Strecke dann durch das Stiftsdorf Hohenholte zur\u00fcck zum Schleppermuseum, wo f\u00fcr das leibliche Wohl der G\u00e4ste durch die Havixbecker Heinkelfreunde bestens gesorgt wurde.<\/p>\n<p class=\"western\">Einige Havixbecker sowie M\u00fcnsteraner nutzten die Gelegenheit, die bestens restaurierten Oldtimer anzusehen.<\/p>\n<p class=\"western\">Viel Beifall fand der Auftritt der jungen Havixbecker, Dennis Minnerop und Aaron Kn\u00fcppel., mit ihrer gelungen vorgetragenen Jonglage und Diabolonummer.<\/p>\n<p class=\"western\">Wie bei solchen Treffen \u00fcblich, entwickelte sich bei Benzingespr\u00e4chen \u00fcber ihre geliebten Sch\u00e4tzchen, bei einem guten Gl\u00e4schen Wein oder Bier sowie handgemachter Schifferklaviermusik durch unseren Clubkollegen Horst Mei\u00dfner eine ausgezeichnete Stimmung. Bis sich die G\u00e4ste in ihre Zelte und Wohnmobile verabschiedeten war der Abend weit fortgeschritten.<\/p>\n<p class=\"western\">Beim Abschied am Sonntag nach einem ausgiebigen Fr\u00fchst\u00fcck bescheinigten alle G\u00e4ste dem Heinkelclub M\u00fcnster wieder ein gelungenes Fest organisiert zu haben, und versprachen, bei n\u00e4chster Gelegenheit wieder zu kommen.<\/p>\n<p class=\"western\">Die n\u00e4chste Gelegenheit, um sich alte Ger\u00e4te anzusehen, haben Interessenten beim Museumstag im Schleppermuseum am Samstag \/ Sonntag, den 30. und 31. Juli 2011<\/p>\n<figure id=\"attachment_144\" aria-describedby=\"caption-attachment-144\" style=\"width: 300px\" class=\"wp-caption alignnone\"><img loading=\"lazy\" decoding=\"async\" class=\"wp-image-144 size-medium\" src=\"https:\/\/www.hrc-muenster.de\/wordpress\/wp-content\/uploads\/2016\/04\/25_Jahre_HRC_Muenster-300x200.jpg\" alt=\"25 Jahre HRC-Muenster\" width=\"300\" height=\"200\" srcset=\"https:\/\/www.hrc-muenster.de\/wordpress\/wp-content\/uploads\/2016\/04\/25_Jahre_HRC_Muenster-300x200.jpg 300w, https:\/\/www.hrc-muenster.de\/wordpress\/wp-content\/uploads\/2016\/04\/25_Jahre_HRC_Muenster-768x512.jpg 768w, https:\/\/www.hrc-muenster.de\/wordpress\/wp-content\/uploads\/2016\/04\/25_Jahre_HRC_Muenster-1024x683.jpg 1024w, https:\/\/www.hrc-muenster.de\/wordpress\/wp-content\/uploads\/2016\/04\/25_Jahre_HRC_Muenster.jpg 1089w\" sizes=\"auto, (max-width: 300px) 85vw, 300px\" \/><figcaption id=\"caption-attachment-144\" class=\"wp-caption-text\">Gruppenfoto vor dem Schlepper + Ger\u00e4te-Museum Altenberge<\/figcaption><\/figure>\n<p class=\"western\"><span style=\"font-size: small;\">60 Heinkelroller in drei Reihen vor dem Schleppermuseum Havixbeck \/ Altenberge<\/span><\/p>\n","protected":false},"excerpt":{"rendered":"<p>Gelungenes Jubil\u00e4umsfest zum 25j\u00e4hrigen der Heinkelfreunde vom 15. bis 17. Juli 2011 F\u00fcr die Heinkelfreunde steht eines fest: Petrus war ein Heinkelfahrer, denn er bescherte gutes Wetter zum Treffen am Schleppermuseum in Havixbeck \/ Altenberge. War es zum Einrichten f\u00fcr das Fest zum 25j\u00e4hrigen Bestehen des Heinkel-Roller-Clubs M\u00fcnster noch sehr regnerisch, so schien beim Eintreffen &hellip; <a href=\"https:\/\/www.hrc-muenster.de\/wordpress\/berichte\/25-jahre-hrc-ms-2\/\" class=\"more-link\"><span class=\"screen-reader-text\">\u201e25 Jahre HRC-MS\u201c <\/span>weiterlesen<\/a><\/p>\n","protected":false},"author":2,"featured_media":0,"parent":221,"menu_order":96,"comment_status":"closed","ping_status":"closed","template":"","meta":{"footnotes":""},"class_list":["post-270","page","type-page","status-publish","hentry"],"_links":{"self":[{"href":"https:\/\/www.hrc-muenster.de\/wordpress\/wp-json\/wp\/v2\/pages\/270","targetHints":{"allow":["GET"]}}],"collection":[{"href":"https:\/\/www.hrc-muenster.de\/wordpress\/wp-json\/wp\/v2\/pages"}],"about":[{"href":"https:\/\/www.hrc-muenster.de\/wordpress\/wp-json\/wp\/v2\/types\/page"}],"author":[{"embeddable":true,"href":"https:\/\/www.hrc-muenster.de\/wordpress\/wp-json\/wp\/v2\/users\/2"}],"replies":[{"embeddable":true,"href":"https:\/\/www.hrc-muenster.de\/wordpress\/wp-json\/wp\/v2\/comments?post=270"}],"version-history":[{"count":3,"href":"https:\/\/www.hrc-muenster.de\/wordpress\/wp-json\/wp\/v2\/pages\/270\/revisions"}],"predecessor-version":[{"id":1781,"href":"https:\/\/www.hrc-muenster.de\/wordpress\/wp-json\/wp\/v2\/pages\/270\/revisions\/1781"}],"up":[{"embeddable":true,"href":"https:\/\/www.hrc-muenster.de\/wordpress\/wp-json\/wp\/v2\/pages\/221"}],"wp:attachment":[{"href":"https:\/\/www.hrc-muenster.de\/wordpress\/wp-json\/wp\/v2\/media?parent=270"}],"curies":[{"name":"wp","href":"https:\/\/api.w.org\/{rel}","templated":true}]}}