{"id":287,"date":"2012-10-02T18:35:14","date_gmt":"2012-10-02T16:35:14","guid":{"rendered":"https:\/\/www.hrc-muenster.de\/wordpress\/?page_id=287"},"modified":"2023-07-23T12:53:16","modified_gmt":"2023-07-23T10:53:16","slug":"heinkeltour-rund-um-ms","status":"publish","type":"page","link":"https:\/\/www.hrc-muenster.de\/wordpress\/berichte\/heinkeltour-rund-um-ms\/","title":{"rendered":"Heinkeltour rund um MS 2012"},"content":{"rendered":"<div id=\"content\">\n<p><b>Heinkeltour rund um M\u00fcnster<br \/>\n<\/b>In unserem Jahreskalender &#8222;Termine und Veranstaltungen&#8220; hatte ich eine Stammtischtour f\u00fcr unseren m\u00fcnsterschen Heinkel-Club die ich ausarbeiten wollte eingetragen. Die Tour sollte am 01.09.2012 gegen 10:30 Uhr von unserem Stammtischlokal starten und dort auch enden.<br \/>\nDer Termin r\u00fcckte immer n\u00e4her und durch meinen Urlaub und anderen dringenden Angelegenheiten kam ich mit der Ausarbeitung zu dem oben genannten Termin langsam in Bedr\u00e4ngnis. Es blieb mir nur noch knapp eine Woche um die Tour zu planen und die Anlaufstellen mit den Besichtigungen zu organisieren.<br \/>\nSo setzte ich mich am 27.08.2012 ins Arbeitszimmer und steckte die Route ab. Bestellte den Mittagstisch und organisierte eine Besichtigung im Kutschenmuseum.<br \/>\nDa ich ja mit meinem Roller in diesem Jahr schon einige Km gefahren hatte, war ich guter Hoffnung, da\u00df er auch diese Tour ohne Mucken durch fahren w\u00fcrde.<br \/>\nDie Tour druckte ich mir als Hilfsmittel und Orientierung f\u00fcr die Fahrt aus. Am Samstagmorgen pr\u00fcfte ich den Roller noch einmal und stellte fest, da\u00df er am Hinterrad stark Luft verlor. Sonst stellte ich keine M\u00e4ngel fest. Pumpte Luft nach und machte mich mit Monika f\u00fcr die Ausfahrt fertig. Bis zu unsrem Start am Stammtischlokal hatte ich 28 Km, die wir bei guten Sonnenwetter z\u00fcgig zur\u00fccklegten.<br \/>\nVor dem Stammtischlokal warteten schon einige Heinkler, von denen auch zwei eine l\u00e4ngere Anfahrt hatten. Bis zur Abfahrt trudelten noch einige Fahrer auf geputzten Maschinen ein. So waren wir zehn Leute auf neun Rollern. Von den anderen drei Heinklern, die sich am Stammtischabend auch f\u00fcr diese Tour angesagt hatten, fehlte jede Nachricht.<br \/>\nGegen 10:30 Uhr ging unsere Fahrt los. Erst aus B\u00f6sensell auf Nebenstra\u00dfen nach Roxel und weiter \u00fcber Nienberge, M\u00fcnster-H\u00e4ger, Sprakel, Gimbte und Gelmer zum Jachthafen &#8222;Alte Fahrt&#8220; Fuestrup. Eingebettet zwischen Vogelkolonien des Rieselfelder-Naturparadieses und den gr\u00fcnen Weiden des M\u00fcnsterlandes liegt er am Dortmund-Ems-Kanal bei km 80,0 an einem so genannten toten Arm.<br \/>\nHier machten wir die erste Pause gegen 11:30 Uhr und schauten uns das Gel\u00e4nde mit Jachthafen an. <b>(<\/b><a class=\"link\" title=\"Internet-Adresse des Jachthafen Fuestrup\" href=\"http:\/\/www.yachthafen-fuestrup.de\" target=\"_blank\" rel=\"noopener noreferrer\">www.yachthafen-fuestrup.de<\/a><b>).<\/b><\/p>\n<figure id=\"attachment_910\" aria-describedby=\"caption-attachment-910\" style=\"width: 300px\" class=\"wp-caption alignleft\"><img loading=\"lazy\" decoding=\"async\" class=\"size-medium wp-image-910\" src=\"https:\/\/www.hrc-muenster.de\/wordpress\/wp-content\/uploads\/2018\/03\/Fuestrup_Jachthafen-300x169.jpg\" alt=\"\" width=\"300\" height=\"169\" srcset=\"https:\/\/www.hrc-muenster.de\/wordpress\/wp-content\/uploads\/2018\/03\/Fuestrup_Jachthafen-300x169.jpg 300w, https:\/\/www.hrc-muenster.de\/wordpress\/wp-content\/uploads\/2018\/03\/Fuestrup_Jachthafen-768x432.jpg 768w, https:\/\/www.hrc-muenster.de\/wordpress\/wp-content\/uploads\/2018\/03\/Fuestrup_Jachthafen.jpg 1000w\" sizes=\"auto, (max-width: 300px) 85vw, 300px\" \/><figcaption id=\"caption-attachment-910\" class=\"wp-caption-text\">Jachthafen Fuestrup liegt zwischen Gelmer und Greven \u00a9 w\/p<\/figcaption><\/figure>\n<p>Der Hafenmeister Herr Nowacki gestattete uns, unsere Roller im Hafen vor dem Schiffskran mit einer Hubkraft von 16,0t auf zu stellen. Hier machte er auch einige Fotos mit unseren Kameras. Dann erkl\u00e4rte Herr Nowacki uns einiges \u00fcber den Hafen.<br \/>\nAn den Hafen angegliedert ist ein Winterlager mit 190 Stellpl\u00e4tzen f\u00fcr Motor- und Segelboote, von denen auch 30 unter Dach gestellt werden k\u00f6nnen. Weiter gibt es auf dem Gel\u00e4nde (12.000, qm) einen Reparaturservice, Sandstrahlarbeiten, Lackierungen, Materialkonservierung- und Pflege die von den Bootseigneren genutzt werden k\u00f6nnen.<br \/>\nZu dem Jachthafen geh\u00f6rt nicht nur die Marina, sonder auch ein Reisemobilhafen mit 90 Stellpl\u00e4tzen nebst Restaurante und Kaffee. Das Restaurante ist auch f\u00fcr Publikumsverkehr eine lohnende Anlaufstelle.<br \/>\nUm 11:15 Uhr &#8222;blies&#8220; ich wieder zum Aufsitzen. Da meldeten sich \u00fcber Handy unsere vermissten Heinkler. Als Treffpunkt an dem sie zu uns sto\u00dfen sollten, machten wir unser Mittagsziel &#8222;Birken-Eck&#8220; aus.<br \/>\nUnd weiter ging unsere fahrt \u00fcber kleine Landwirtschaftswege \u00fcber Fuestrup, Ostbevern-Brock, Bauernschaft Brock zum Bahnhof Ostbevern mit dem Landhotel &#8222;Beverland&#8220;. Dieses ist ein Kaseinwerk das zu einem Hotel mit Restaurante umgebaut wurde.<br \/>\nKasein nennt man f\u00fcr denjenigen Proteinanteil Milch, der h\u00f6heren S\u00e4ugetiere, der nicht in die Molke gelangt und der beispielsweise zu K\u00e4se verarbeitet wird.<br \/>\nDas Werk wurde 1938 als gr\u00f6\u00dftes Kaseinwerk Deutschlands gebaut. Die Kaseingewinnung war ein Wegbereiter der modernen Kunststoffindustrie. Aus Kasein wurden Klebstoffe hergestellt. Im Krieg wurden hier Nahrungsmittel verarbeitet, die als Verpflegung f\u00fcr die Armee dienten.<br \/>\nHeute ist das Kaseinwerk ein <b>Industriedenkmal<\/b>.<br \/>\nHier machten wir keinen Stopp, sondern fuhren nur langsam an dem Landhotel mit seinen Besonderheiten vorbei. Es hatten sich eine betr\u00e4chtliche Anzahl von Besuchern (Veranstaltungsgruppen) hier eingefunden. Aber, es lohnt sich dieses Industriedenkmal zu besichtigen.<br \/>\nSo machten wir uns weiter auf den Weg zu unserem Mittagstisch. Die Fahrt ging \u00fcber die Bauernschaft Brock, Ostbevern, Bauernschaft Schirl, Milte, Einen und weiter nach M\u00fcssingen ins Hotel-Restaurante &#8222;Birken Eck&#8220;. Hier trafen wir gegen 12:45 Uhr ein.<br \/>\nDer Wirt hatte im gro\u00dfen G\u00e4stezimmer eine Tafel wie f\u00fcr &#8222;Hochzeitsg\u00e4ste&#8220; vorbereitet. Als wir am Tisch sa\u00dfen, stie\u00dfen unsere &#8222;Nachz\u00fcgler&#8220; zu uns. Nun war unsere Ausfahrttruppe von 13 Personen wie am Stammtisch abgesprochen vollz\u00e4hlig.<br \/>\nNackenkotelett mit Bratkartoffel bis zum Abwinken und Salat wurden von fast allen bestellt. Heinz a\u00df eine Brotzeit und Reinold bestellte sich einen strammen Max.<br \/>\nNach dem Mittagessen und angeregter Plauderei machten wir uns wieder auf den Weg nach Sendenhorst zum Kutschenmuseum. Unser Weg f\u00fchrte uns von M\u00fcssingen \u00fcber die Raestruper Bauernschaft nach Everswinkel, Alverskirchen, vorbei am Golfplatz und weiter nach Sendenhorst.<br \/>\nIn Sendenhorst erreichten wir gegen 14:30 Uhr das Kutschenmuseum.<\/p>\n<figure id=\"attachment_197\" aria-describedby=\"caption-attachment-197\" style=\"width: 240px\" class=\"wp-caption alignright\"><img loading=\"lazy\" decoding=\"async\" class=\"wp-image-197\" src=\"https:\/\/www.hrc-muenster.de\/wordpress\/wp-content\/uploads\/2016\/04\/Kutschenmuseum_Sendenhorst-300x225.jpg\" alt=\"Kutschenmuseum Sendenhorst\" width=\"240\" height=\"180\"><figcaption id=\"caption-attachment-197\" class=\"wp-caption-text\">eine Vielzahl von top restaurierten Kutschen \u00a9 w\/p<\/figcaption><\/figure>\n<p>Herr H\u00f6ne ein pensionierter Lehrer empfing uns recht herzlich und zeigte uns sein Zweirad, das er top restauriert hatte, eine 98 ccm Miele und meinte, er hat auch ein Faible f\u00fcr alte Zweir\u00e4der.<br \/>\nDann erz\u00e4hlte Herr H\u00f6ne uns seine Geschichte, wie er zum Sammeln der verschiedenen Kutschen kam. Er hat \u00fcber viele Jahre Kutschen zusammengetragen und restauriert. Die Fahrzeuge stammen nicht nur aus dem M\u00fcnsterland, sondern er bereiste ganz Deutschland, um an die verschiedenen Rarit\u00e4ten zu kommen. Eine Kutsche stammt aus Havixbeck aus dem Besitz des Freiherrn von Twickel. Herr H\u00f6ne meinte weiter, nur Kutschen sammeln w\u00e4re zu eint\u00f6nig, da k\u00e4men sie nicht richtig zur Geltung. Daraufhin baute er ein abgewinkeltes Blockhaus in dem er die Kutschen mit Puppen und Gegenst\u00e4nden in Scehne setzen konnte. Ich war Beeindruckt von dieser Gestaltung und Arrangement, das in einem Zwielicht aufgestellt ist. Es wirkt, als wenn die Vergangenheit kurzzeitig gegenw\u00e4rtig ist und ich mitten drin versetzt wurde.<br \/>\nNach der Besichtigung zeigte uns Herr H\u00f6ne eine Mutter Gottes Statue, die er vom Pfarrer zur Restaurierung bekommen hatte. Die Aufarbeitung der Statue hat er mit alten fr\u00fcher verwendeten Materialien und selbst hergestellten Farben durchgef\u00fchrt. Zum Schlu\u00df lud er uns noch auf einen Kaffee ein. Danach bedankten wir uns f\u00fcr die Gastfreundschaft recht herzlich bei ihm und fuhren auf unserer Tour weiter.<br \/>\nUnsere Tour ging von Sendenhorst weiter \u00fcber Albersloh, Hiltrup, Amelsb\u00fcren in Richtung Senden. Kurz vor Senden besuchten wir noch das Kaffee &#8222;Hof Grothues-Potthoff&#8220;. Hier lie\u00dfen wir es uns bei Kaffee und Kuchen und immer noch sonnigen Wetter schmecken. Nach Meinung der Tourenteilnehmer sollte hier das Ende der Tour sein. Jeder h\u00e4tte den optimalsten Ausgangpunkt um nach Hause zu kommen. Die letzten 6 Km zum Stammtischlokal wollte keiner mehr fahren. So verabschiedeten wir uns gegen 17:30 Uhr und alle fuhren in ihren Heimathafen.<br \/>\nTour-Km = 136; meine Km = 192;<br \/>\nRes\u00fcmee: wieder eine wundersch\u00f6ne Ausfahrt bei traumhaften Wetter und tollen Sehensw\u00fcrdigkeiten.<\/p>\n<p>w\/p<\/p>\n<\/div>\n","protected":false},"excerpt":{"rendered":"<p>Heinkeltour rund um M\u00fcnster In unserem Jahreskalender &#8222;Termine und Veranstaltungen&#8220; hatte ich eine Stammtischtour f\u00fcr unseren m\u00fcnsterschen Heinkel-Club die ich ausarbeiten wollte eingetragen. Die Tour sollte am 01.09.2012 gegen 10:30 Uhr von unserem Stammtischlokal starten und dort auch enden. Der Termin r\u00fcckte immer n\u00e4her und durch meinen Urlaub und anderen dringenden Angelegenheiten kam ich mit &hellip; <a href=\"https:\/\/www.hrc-muenster.de\/wordpress\/berichte\/heinkeltour-rund-um-ms\/\" class=\"more-link\"><span class=\"screen-reader-text\">\u201eHeinkeltour rund um MS 2012\u201c <\/span>weiterlesen<\/a><\/p>\n","protected":false},"author":2,"featured_media":0,"parent":221,"menu_order":99,"comment_status":"closed","ping_status":"closed","template":"","meta":{"footnotes":""},"class_list":["post-287","page","type-page","status-publish","hentry"],"_links":{"self":[{"href":"https:\/\/www.hrc-muenster.de\/wordpress\/wp-json\/wp\/v2\/pages\/287","targetHints":{"allow":["GET"]}}],"collection":[{"href":"https:\/\/www.hrc-muenster.de\/wordpress\/wp-json\/wp\/v2\/pages"}],"about":[{"href":"https:\/\/www.hrc-muenster.de\/wordpress\/wp-json\/wp\/v2\/types\/page"}],"author":[{"embeddable":true,"href":"https:\/\/www.hrc-muenster.de\/wordpress\/wp-json\/wp\/v2\/users\/2"}],"replies":[{"embeddable":true,"href":"https:\/\/www.hrc-muenster.de\/wordpress\/wp-json\/wp\/v2\/comments?post=287"}],"version-history":[{"count":7,"href":"https:\/\/www.hrc-muenster.de\/wordpress\/wp-json\/wp\/v2\/pages\/287\/revisions"}],"predecessor-version":[{"id":1779,"href":"https:\/\/www.hrc-muenster.de\/wordpress\/wp-json\/wp\/v2\/pages\/287\/revisions\/1779"}],"up":[{"embeddable":true,"href":"https:\/\/www.hrc-muenster.de\/wordpress\/wp-json\/wp\/v2\/pages\/221"}],"wp:attachment":[{"href":"https:\/\/www.hrc-muenster.de\/wordpress\/wp-json\/wp\/v2\/media?parent=287"}],"curies":[{"name":"wp","href":"https:\/\/api.w.org\/{rel}","templated":true}]}}