{"id":326,"date":"2017-03-02T11:40:44","date_gmt":"2017-03-02T10:40:44","guid":{"rendered":"https:\/\/www.hrc-muenster.de\/wordpress\/?page_id=326"},"modified":"2026-01-16T19:32:26","modified_gmt":"2026-01-16T18:32:26","slug":"unsere-downloads","status":"publish","type":"page","link":"https:\/\/www.hrc-muenster.de\/wordpress\/unsere-downloads\/","title":{"rendered":"Downloads \/ Links"},"content":{"rendered":"<p>bitte den unten stehenden <span style=\"color: #0000ff;\">&#8222;Link&#8220;<\/span> bei bedarf anklicken!<\/p>\n<p>Anmeldung zum 40j\u00e4hrigen Jubil\u00e4um des HRC-M\u00fcnster; (<a href=\"https:\/\/www.hrc-muenster.de\/wordpress\/wp-content\/uploads\/2025\/11\/Anmeldeformular-40-Jahre-HRC-MS-A5.pdf\">Download<\/a>)<\/p>\n<p>&#8222;<a href=\"https:\/\/www.hrc-muenster.de\/wordpress\/wp-content\/uploads\/2026\/01\/Jahreskalender-2026.pdf\">Download<\/a>&#8220; HRC-MS-Jahreskalender 2026&#8243;<\/p>\n<p>&#8222;<a href=\"https:\/\/www.hrc-muenster.de\/wordpress\/wp-content\/uploads\/2025\/02\/HRC-Videosammlung_2025.pdf\"><span style=\"color: #ff9900;\"><strong>Liste<\/strong><\/span> der Videofilme von <span style=\"color: #0000ff;\"><strong>Heinkeltouren und Veranstaltungen<\/strong><\/span><\/a>&#8222;<\/p>\n<p><a href=\"https:\/\/heinkel-club.de\/\">\u00dcber diesen <span style=\"color: #993300;\"><strong>Link<\/strong><\/span> gelangen Sie zum HCD (Heinkel-Club-Deutschland)<\/a><\/p>\n\n\n<p><\/p>\n","protected":false},"excerpt":{"rendered":"<p>bitte den unten stehenden &#8222;Link&#8220; bei bedarf anklicken! Anmeldung zum 40j\u00e4hrigen Jubil\u00e4um des HRC-M\u00fcnster; (Download) &#8222;Download&#8220; HRC-MS-Jahreskalender 2026&#8243; &#8222;Liste der Videofilme von Heinkeltouren und Veranstaltungen&#8222; \u00dcber diesen Link gelangen Sie zum HCD (Heinkel-Club-Deutschland)<\/p>\n","protected":false},"author":2,"featured_media":0,"parent":0,"menu_order":10,"comment_status":"closed","ping_status":"closed","template":"","meta":{"footnotes":""},"class_list":["post-326","page","type-page","status-publish","hentry"],"_links":{"self":[{"href":"https:\/\/www.hrc-muenster.de\/wordpress\/wp-json\/wp\/v2\/pages\/326","targetHints":{"allow":["GET"]}}],"collection":[{"href":"https:\/\/www.hrc-muenster.de\/wordpress\/wp-json\/wp\/v2\/pages"}],"about":[{"href":"https:\/\/www.hrc-muenster.de\/wordpress\/wp-json\/wp\/v2\/types\/page"}],"author":[{"embeddable":true,"href":"https:\/\/www.hrc-muenster.de\/wordpress\/wp-json\/wp\/v2\/users\/2"}],"replies":[{"embeddable":true,"href":"https:\/\/www.hrc-muenster.de\/wordpress\/wp-json\/wp\/v2\/comments?post=326"}],"version-history":[{"count":125,"href":"https:\/\/www.hrc-muenster.de\/wordpress\/wp-json\/wp\/v2\/pages\/326\/revisions"}],"predecessor-version":[{"id":2293,"href":"https:\/\/www.hrc-muenster.de\/wordpress\/wp-json\/wp\/v2\/pages\/326\/revisions\/2293"}],"wp:attachment":[{"href":"https:\/\/www.hrc-muenster.de\/wordpress\/wp-json\/wp\/v2\/media?parent=326"}],"curies":[{"name":"wp","href":"https:\/\/api.w.org\/{rel}","templated":true}]}}