{"id":547,"date":"2016-11-15T16:24:41","date_gmt":"2016-11-15T15:24:41","guid":{"rendered":"https:\/\/www.hrc-muenster.de\/wordpress\/?page_id=547"},"modified":"2023-07-23T12:57:24","modified_gmt":"2023-07-23T10:57:24","slug":"ein-rollergeschenk","status":"publish","type":"page","link":"https:\/\/www.hrc-muenster.de\/wordpress\/berichte\/ein-rollergeschenk\/","title":{"rendered":"Ein Rollergeschenk"},"content":{"rendered":"<p class=\"western\"><span style=\"font-size: large;\"><i><u>Heinkelroller f\u00fcrs Museum<\/u><\/i><\/span><\/p>\n<figure id=\"attachment_546\" aria-describedby=\"caption-attachment-546\" style=\"width: 300px\" class=\"wp-caption alignright\"><img loading=\"lazy\" decoding=\"async\" class=\"wp-image-546 size-medium\" src=\"https:\/\/www.hrc-muenster.de\/wordpress\/wp-content\/uploads\/2016\/11\/unser-Geschenk_07-300x200.jpg\" alt=\"Heinkelroller 103 A1\" width=\"300\" height=\"200\" srcset=\"https:\/\/www.hrc-muenster.de\/wordpress\/wp-content\/uploads\/2016\/11\/unser-Geschenk_07-300x200.jpg 300w, https:\/\/www.hrc-muenster.de\/wordpress\/wp-content\/uploads\/2016\/11\/unser-Geschenk_07-768x512.jpg 768w, https:\/\/www.hrc-muenster.de\/wordpress\/wp-content\/uploads\/2016\/11\/unser-Geschenk_07.jpg 972w\" sizes=\"auto, (max-width: 300px) 85vw, 300px\" \/><figcaption id=\"caption-attachment-546\" class=\"wp-caption-text\">Heinkelroller 103 A1; ein Geschenk an das Museum Beckmann in Greffen<\/figcaption><\/figure>\n<p class=\"western\"><span style=\"font-size: large;\"><i><u>&nbsp;<\/u><\/i><\/span><\/p>\n<p class=\"western\"><span style=\"font-size: large;\"><i>Anl\u00e4sslich der Sp\u00f6kenkiekerrallye im Mai 2016 \u2013 hierbei starten nur Motorr\u00e4der, die vor 1914 gebaut wurden &#8211; erz\u00e4hlte mir Christa Beckmann vom Motorrad- und Puppenmuseum in Harsewinkel-Greffen von dem Verlust ihres Heinkelrollers. Ihr Mann Heiner hatte vor vielen Jahren die BMW eines Bekannten nicht nur fahrbereit gemacht, sondern auch noch in einen ordentlichen Zustand gebracht.<\/i><\/span><\/p>\n<p class=\"western\"><span style=\"font-size: large;\"><i>Weil er hierf\u00fcr kein Geld haben wollte, hatte ihm der BMW \u2013 Besitzer einen Heinkelroller f\u00fcr das Museum geschenkt. Als Heiner vor 2 Jahren nach langer, schwerer Krankheit starb, haben Verwandte des BMW-Besitzers die Herausgabe des Heinkelrollers gefordert, Es sei kein Geschenk gewesen, sondern nur eine Leihgabe(?). <\/i><\/span><\/p>\n<p class=\"western\"><span style=\"font-size: large;\"><i>So viel zur Vorgeschichte.<\/i><\/span><\/p>\n<p class=\"western\"><span style=\"font-size: large;\"><i>Der Heinkel-Roller-Club M\u00fcnster hatte vor einigen Jahren eine Ausfahrt zum Motorradmuseum Beckmann gemacht und Christa erinnerte sich an uns. Deshalb die Frage, ob wir Heinkelfreunde ihr nicht helfen k\u00f6nnten bei der Beschaffung eines Heinkelrollers. Der m\u00fcsse ja nicht fahrbereit sein. Vielleicht h\u00e4tte ja noch jemand einen Roller zuhause, dessen Restaurierung sich nicht mehr lohne.<\/i><\/span><\/p>\n<p class=\"western\"><span style=\"font-size: large;\"><i>Dieses Anliegen habe ich dann beim n\u00e4chsten Stammtisch vorgetragen. Da niemand so was zuhause hatte, haben wir die Sache von einer anderen Seite angefasst. Wer hat noch alte oder defekte Heinkelteile , die er nicht mehr braucht bzw. eigentlich \u201eSchrott\u201c sind. So kam Bewegung in die Sache. Ich hatte ein Motorgeh\u00e4use und 2 Motorenlager, eine Vordergabel und ein linkes Au\u00dfenrohr, dazu eine komplette Vorderradnabe, einen alten Koni-Sto\u00dfd\u00e4mpfer, der von der L\u00e4nge her passte, einen Sitzbankbezug, der mit Schaumgummi und einer K\u00fcchenschrankt\u00fcr vom Sperrm\u00fcll zu einer Sitzbank wurde. Au\u00dferdem 2 Bremstrommeln hinten, 1 Schaltgriff, 1 Felge und 2 alte Reifen und eine krumme Bodenplatte, die von Georg gerichtet wurde. Georg hatte noch ein rechtes Au\u00dfenrohr, einen Deckel f\u00fcr die Schwinge, 1 Motorlager und 1 alten Reifen. Von Johann erhielten die beiden Alu-Sto\u00dfstangen, 1 Gasgriff und einen defekten Tacho, von Alfred die Haube vorne, von Werner die Gabellaufringe mit Ringmutter und das Klemmst\u00fcck. \u00dcber unser Vorhaben hatte Werner auch mit Gundolf J\u00f6hnk aus Rodenbeck gesprochen, der uns eine Haube mit Gep\u00e4cktr\u00e4ger, einen Schalenlenker und die beiden Au\u00dfenrohre f\u00fcr die Vordergabel stiftete und Werner auf der Loreley \u00fcbergab. Der Scheinwerfer mit Reflektor, Glas und Chromring konnte preiswert auf dem Teilemarkt in Hamm erworben werden. Im Internet fanden wir preiswert einen Rahmen, eine Schwinge und 2 Felgen. Den \u201eKofferkasten\u201c mit Seitenklappe und R\u00fccklicht hatte ich vor ca. 2 Jahren g\u00fcnstig bei Gundolf erworben. Hier brauchte nur der Lack gereinigt und mit Politur aufgefrischt werden.<\/i><\/span><\/p>\n<p class=\"western\"><span style=\"font-size: large;\"><i>Nachdem alle Teile gereinigt, die Vorderhaube geschwei\u00dft und lackiert war, konnte die Endmontage beginnen. An einem Samstag- morgen im Oktober trafen sich Georg, Johann und Werner in meiner Garage. Nachdem zum Schluss auch noch die beiden Blinker, die Wolfgang gestiftet hatte, montiert waren, konnten wir am fr\u00fchen Nachmittag auf einen Heinkelroller f\u00fcr Christas Museum ansto\u00dfen. <\/i><\/span><\/p>\n<p class=\"western\"><span style=\"font-size: large;\"><i>Am 5. November 2016 hat der Heinkel-Roller-Club M\u00fcnster auch aufgrund seines 30-j\u00e4hrigen Bestehens den Heinkelroller als Geschenk mit entsprechender Urkunde an Christa Beckmann f\u00fcr ihr Museum \u00fcbergeben.<\/i><\/span><\/p>\n<p class=\"western\"><span style=\"font-size: small;\"><i>Reiner Busse<\/i><\/span><\/p>\n","protected":false},"excerpt":{"rendered":"<p>Heinkelroller f\u00fcrs Museum &nbsp; Anl\u00e4sslich der Sp\u00f6kenkiekerrallye im Mai 2016 \u2013 hierbei starten nur Motorr\u00e4der, die vor 1914 gebaut wurden &#8211; erz\u00e4hlte mir Christa Beckmann vom Motorrad- und Puppenmuseum in Harsewinkel-Greffen von dem Verlust ihres Heinkelrollers. Ihr Mann Heiner hatte vor vielen Jahren die BMW eines Bekannten nicht nur fahrbereit gemacht, sondern auch noch in &hellip; <a href=\"https:\/\/www.hrc-muenster.de\/wordpress\/berichte\/ein-rollergeschenk\/\" class=\"more-link\"><span class=\"screen-reader-text\">\u201eEin Rollergeschenk\u201c <\/span>weiterlesen<\/a><\/p>\n","protected":false},"author":2,"featured_media":0,"parent":221,"menu_order":92,"comment_status":"closed","ping_status":"closed","template":"","meta":{"footnotes":""},"class_list":["post-547","page","type-page","status-publish","hentry"],"_links":{"self":[{"href":"https:\/\/www.hrc-muenster.de\/wordpress\/wp-json\/wp\/v2\/pages\/547","targetHints":{"allow":["GET"]}}],"collection":[{"href":"https:\/\/www.hrc-muenster.de\/wordpress\/wp-json\/wp\/v2\/pages"}],"about":[{"href":"https:\/\/www.hrc-muenster.de\/wordpress\/wp-json\/wp\/v2\/types\/page"}],"author":[{"embeddable":true,"href":"https:\/\/www.hrc-muenster.de\/wordpress\/wp-json\/wp\/v2\/users\/2"}],"replies":[{"embeddable":true,"href":"https:\/\/www.hrc-muenster.de\/wordpress\/wp-json\/wp\/v2\/comments?post=547"}],"version-history":[{"count":4,"href":"https:\/\/www.hrc-muenster.de\/wordpress\/wp-json\/wp\/v2\/pages\/547\/revisions"}],"predecessor-version":[{"id":1785,"href":"https:\/\/www.hrc-muenster.de\/wordpress\/wp-json\/wp\/v2\/pages\/547\/revisions\/1785"}],"up":[{"embeddable":true,"href":"https:\/\/www.hrc-muenster.de\/wordpress\/wp-json\/wp\/v2\/pages\/221"}],"wp:attachment":[{"href":"https:\/\/www.hrc-muenster.de\/wordpress\/wp-json\/wp\/v2\/media?parent=547"}],"curies":[{"name":"wp","href":"https:\/\/api.w.org\/{rel}","templated":true}]}}