{"id":674,"date":"2017-05-01T13:11:51","date_gmt":"2017-05-01T11:11:51","guid":{"rendered":"https:\/\/www.hrc-muenster.de\/wordpress\/?page_id=674"},"modified":"2023-07-23T12:57:53","modified_gmt":"2023-07-23T10:57:53","slug":"anheinkeln-in-muenster-duelmen","status":"publish","type":"page","link":"https:\/\/www.hrc-muenster.de\/wordpress\/berichte\/anheinkeln-in-muenster-duelmen\/","title":{"rendered":"2017 Anheinkeln in M\u00fcnster \/ D\u00fclmen"},"content":{"rendered":"<p class=\"western\" align=\"center\"><span style=\"font-size: large;\">Gepackt vom Heinkel \u2013 Virus<\/span><\/p>\n<p class=\"western\" align=\"center\">Motorroller-Freunde aus ganz Deutschland treffen sich in D\u00fclmen!<\/p>\n<p class=\"western\">Mit dieser \u00dcberschrift berichtete Stefan B\u00fccker von der D\u00fclmener-Zeitung vom Anheinkeln, das von 21.-23-April aus Anla\u00df des 30 j\u00e4hrigen Bestehens des Heinkel-Roller-Club M\u00fcnster stattfand. Schon am Freitag reisten 45 Teilnehmer zum Gel\u00e4nde des DJK Tennisclubs an, weitere 20 Tagesg\u00e4ste am Samstagmorgen.<\/p>\n<figure id=\"attachment_681\" aria-describedby=\"caption-attachment-681\" style=\"width: 168px\" class=\"wp-caption alignright\"><img loading=\"lazy\" decoding=\"async\" class=\" wp-image-681\" src=\"https:\/\/www.hrc-muenster.de\/wordpress\/wp-content\/uploads\/2017\/05\/Anheinkeln-2017_082-300x200.jpg\" alt=\"\" width=\"168\" height=\"112\" srcset=\"https:\/\/www.hrc-muenster.de\/wordpress\/wp-content\/uploads\/2017\/05\/Anheinkeln-2017_082-300x200.jpg 300w, https:\/\/www.hrc-muenster.de\/wordpress\/wp-content\/uploads\/2017\/05\/Anheinkeln-2017_082-768x512.jpg 768w, https:\/\/www.hrc-muenster.de\/wordpress\/wp-content\/uploads\/2017\/05\/Anheinkeln-2017_082.jpg 1000w\" sizes=\"auto, (max-width: 168px) 85vw, 168px\" \/><figcaption id=\"caption-attachment-681\" class=\"wp-caption-text\">Oldtimersammlung der Familie Degener in Vreden<\/figcaption><\/figure>\n<p class=\"western\">\u201ePetrus mu\u00df ein Heinkelfahrer gewesen sein\u201c glaubten die Organisatoren, denn p\u00fcnktlich zur Ausfahrt am Samstag nach Vreden mit der Besichtigung der Opel \u2013 Oldtimersammlung der Familie Degener stellte sich der Sonnenschein ein.<\/p>\n<p class=\"western\">Nach der Besichtigung der liebevoll gehegten Opelmodelle vom Admiral \u00fcber den Rekord bis zum Kadett und der Fahrzeuge, die noch auf eine Restaurierung warten, gesch\u00e4tzt zwischen 150 bis 200 Fahrzeugen,<\/p>\n<figure id=\"attachment_683\" aria-describedby=\"caption-attachment-683\" style=\"width: 167px\" class=\"wp-caption alignleft\"><img loading=\"lazy\" decoding=\"async\" class=\" wp-image-683\" src=\"https:\/\/www.hrc-muenster.de\/wordpress\/wp-content\/uploads\/2017\/05\/Anheinkeln-2017_082-1-300x200.jpg\" alt=\"\" width=\"167\" height=\"111\" srcset=\"https:\/\/www.hrc-muenster.de\/wordpress\/wp-content\/uploads\/2017\/05\/Anheinkeln-2017_082-1-300x200.jpg 300w, https:\/\/www.hrc-muenster.de\/wordpress\/wp-content\/uploads\/2017\/05\/Anheinkeln-2017_082-1-768x512.jpg 768w, https:\/\/www.hrc-muenster.de\/wordpress\/wp-content\/uploads\/2017\/05\/Anheinkeln-2017_082-1.jpg 1000w\" sizes=\"auto, (max-width: 167px) 85vw, 167px\" \/><figcaption id=\"caption-attachment-683\" class=\"wp-caption-text\">auf dem Marktplatz in D\u00fclmen<\/figcaption><\/figure>\n<p class=\"western\">leitet das Organisationsteam um die D\u00fclmener Reiner Busse und Werner Schl\u00fcter die stattliche Rollerkolonne durch das M\u00fcnsterland zur\u00fcck, um auf dem Marktplatz in D\u00fclmen ein Gruppenfoto zu machen.<\/p>\n<p class=\"western\">Die Liebhaber der zwischen 1954 und 1965 vom einstigen Flugzeugkonstrukteur Ernst Heinkel in Stuttgart produzierten Motorroller waren aus der Eifel, dem Rheinland, dem Emsland, aus G\u00f6ttingen, Bremen, Hamburg, aus Holland und sogar aus Schweden angereist.<\/p>\n<p class=\"western\">Wie man auf den Heinkelroller kommt? Die spannenden Geschichten der Nostalgiker spiegeln deren Jugendzeiten wider. So wurden Hans Lange aus Liblar bei Erftstadt und Hermann Gaulke als Vertreter des Hamburger-Clubs bereits in jungen Jahren vom Heinkelvirus gepackt, als sie sich als Abiturienten aus Geldn\u00f6ten nur einen solchen Roller erlauben konnten. \u201eWegen der Freundin musste dann aber vom ersten Geld ein Auto her, bis dann viele Jahre sp\u00e4ter wieder die alte Liebe zum Heinkel-Roller geweckt wurde\u201c, so Hermann Gaulke. Bei Dr. Reiner Maria Deppe aus Albersloh liegt Heinkel-Benzin in der Familie. Schon im Kindesalter fuhr er als Sozius beim Vater oder Onkel mit und entwickelte seinerseits die Leidenschaft, der er auch heute noch mit Liebe nachgeht. Horst Mei\u00dfner war mit seinem inzwischen 5. Heinkel-Roller angereist. Vier diese Gef\u00e4hrte hat der inzwischen 81 J\u00e4hrige seit 1958 verschlissen. Zwei weitere Modelle stehen in seiner Garage, wenn nicht seine Frau Marlene gerade mit einem von ihnen unterwegs ist.<\/p>\n<p class=\"western\">Nach einem Eis, weiteren Benzingespr\u00e4chen zwischen Experten und Interessierten und vielen Fotos ging es vom Marktplatz zur\u00fcck zum DJK Tennisclub, in dessen R\u00e4umlichkeiten das Anheinkeln 2017 einen gem\u00fctlichen Abschlu\u00df fand, allerdings nicht ohne die von Wolfgang Pelz liebevoll in Heimarbeit gefertigten Pokale verteilt zu haben: Anita Carlsson und Hans Bosch aus Schweden f\u00fcr die weiteste Anreise, Hubert Bachhausen aus J\u00fclich f\u00fcr die weiteste Anreise auf eigener Achse, Alois Bergs aus H\u00fcrtgenwald f\u00fcr die fr\u00fcheste Anmeldung, Jutta Brethold als j\u00fcngste Teilnehmerin, Jaap Hoogeboom als \u00e4ltester Teilnehmer, die Heinkelfreunde aus G\u00f6ttingen als st\u00e4rkste Teilnehmergruppe und den Pokal f\u00fcr den \u201esch\u00f6nsten Heinkel-Roller\u201c erhielt Rudi Hunke, ebenfalls aus G\u00f6ttingen. Am Sonntag nach dem Fr\u00fchst\u00fcck begaben sich die Nostalgiker mit ihren liebevoll gepflegten Zweir\u00e4dernwieder auf die Heimreise \u2013 in Vorfreude auf das n\u00e4chste Treffen.<\/p>\n<p class=\"western\">(Bericht von &#8222;Reiner Busse und Stefan B\u00fccker.)<\/p>\n","protected":false},"excerpt":{"rendered":"<p>Gepackt vom Heinkel \u2013 Virus Motorroller-Freunde aus ganz Deutschland treffen sich in D\u00fclmen! Mit dieser \u00dcberschrift berichtete Stefan B\u00fccker von der D\u00fclmener-Zeitung vom Anheinkeln, das von 21.-23-April aus Anla\u00df des 30 j\u00e4hrigen Bestehens des Heinkel-Roller-Club M\u00fcnster stattfand. Schon am Freitag reisten 45 Teilnehmer zum Gel\u00e4nde des DJK Tennisclubs an, weitere 20 Tagesg\u00e4ste am Samstagmorgen. \u201ePetrus &hellip; <a href=\"https:\/\/www.hrc-muenster.de\/wordpress\/berichte\/anheinkeln-in-muenster-duelmen\/\" class=\"more-link\"><span class=\"screen-reader-text\">\u201e2017 Anheinkeln in M\u00fcnster \/ D\u00fclmen\u201c <\/span>weiterlesen<\/a><\/p>\n","protected":false},"author":2,"featured_media":0,"parent":221,"menu_order":91,"comment_status":"closed","ping_status":"closed","template":"","meta":{"footnotes":""},"class_list":["post-674","page","type-page","status-publish","hentry"],"_links":{"self":[{"href":"https:\/\/www.hrc-muenster.de\/wordpress\/wp-json\/wp\/v2\/pages\/674","targetHints":{"allow":["GET"]}}],"collection":[{"href":"https:\/\/www.hrc-muenster.de\/wordpress\/wp-json\/wp\/v2\/pages"}],"about":[{"href":"https:\/\/www.hrc-muenster.de\/wordpress\/wp-json\/wp\/v2\/types\/page"}],"author":[{"embeddable":true,"href":"https:\/\/www.hrc-muenster.de\/wordpress\/wp-json\/wp\/v2\/users\/2"}],"replies":[{"embeddable":true,"href":"https:\/\/www.hrc-muenster.de\/wordpress\/wp-json\/wp\/v2\/comments?post=674"}],"version-history":[{"count":8,"href":"https:\/\/www.hrc-muenster.de\/wordpress\/wp-json\/wp\/v2\/pages\/674\/revisions"}],"predecessor-version":[{"id":1786,"href":"https:\/\/www.hrc-muenster.de\/wordpress\/wp-json\/wp\/v2\/pages\/674\/revisions\/1786"}],"up":[{"embeddable":true,"href":"https:\/\/www.hrc-muenster.de\/wordpress\/wp-json\/wp\/v2\/pages\/221"}],"wp:attachment":[{"href":"https:\/\/www.hrc-muenster.de\/wordpress\/wp-json\/wp\/v2\/media?parent=674"}],"curies":[{"name":"wp","href":"https:\/\/api.w.org\/{rel}","templated":true}]}}